{"id":80,"date":"2025-03-21T11:49:33","date_gmt":"2025-03-21T11:49:33","guid":{"rendered":"https:\/\/lotus.fpmt.org\/?page_id=80"},"modified":"2025-11-04T05:40:15","modified_gmt":"2025-11-04T05:40:15","slug":"programs","status":"publish","type":"page","link":"https:\/\/lotus.fpmt.org\/fr\/programs\/","title":{"rendered":"Programmes d'\u00e9tudes"},"content":{"rendered":"<div class=\"meca-attributes-container\"><div class=\"meca-attributes-header\"><div class=\"meca-attributes-view-options\"><span class=\"meca-attributes-view-option active\" data-view=\"list\">Liste<\/span><span class=\"meca-attributes-view-option\" data-view=\"grid\">Grille<\/span><\/div><\/div>            <form method=\"get\" class=\"meca-attributes-search-container\" action=\"\">\n                <input type=\"text\" name=\"meca_study-program_search\" class=\"meca-attributes-search\" \n                    placeholder=\"Search study programs...\" \n                    value=\"\">\n                <button type=\"submit\" class=\"meca-attributes-search-button\">\n                    Find Study Programs                <\/button>\n            <input type=\"hidden\" name=\"trp-form-language\" value=\"fr\"\/><\/form>\n            <div class=\"meca-attributes-list active\">        <div class=\"meca-attribute-item\">\n            <div class=\"meca-attribute-content\">\n                <a href=\"https:\/\/lotus.fpmt.org\/fr\/study-program\/basic-program\/\" class=\"meca-attribute-name\">\n                    Programme de base                <\/a>\n                \n                                    <div class=\"meca-attribute-description\">\n                        Pr\u00e9sentation : Le programme de base est un enseignement complet et orient\u00e9 vers la pratique du Bouddhadharma, con\u00e7u par Lama Zopa Rinpoch\u00e9. Il fait partie de la cat\u00e9gorie des programmes approfondis de la FPMT et est bas\u00e9 sur des textes, enseign\u00e9s par des professeurs qualifi\u00e9s...                    <\/div>\n                                \n                <div class=\"meca-attribute-meta\"><div><strong>Dur\u00e9e :<\/strong> 5 ans<\/div><div><strong>Niveau :<\/strong> avanc\u00e9<\/div><\/div>                \n                <div class=\"meca-attribute-events\">\n                    0 \u00e9v\u00e9nements \u00e0 venir                <\/div>\n            <\/div>\n            <div class=\"meca-attribute-image-container\">\n                <div class=\"meca-attribute-image\" style=\"background-image: url('https:\/\/lotus.fpmt.org\/wp-content\/uploads\/2025\/04\/basic-program-LOTUS.webp')\"><\/div>\n            <\/div>\n        <\/div>\n                <div class=\"meca-attribute-item\">\n            <div class=\"meca-attribute-content\">\n                <a href=\"https:\/\/lotus.fpmt.org\/fr\/study-program\/discovering-buddhism\/\" class=\"meca-attribute-name\">\n                    D\u00e9couvrir le bouddhisme                <\/a>\n                \n                                    <div class=\"meca-attribute-description\">\n                        Aper\u00e7u : Discovering Buddhism propose une introduction exp\u00e9rientielle \u00e0 la tradition bouddhiste tib\u00e9taine Mahayana, en mettant l'accent sur le lamrim (les \u00e9tapes du chemin vers l'illumination). Ce programme fondamental combine la compr\u00e9hension th\u00e9orique avec...                    <\/div>\n                                \n                <div class=\"meca-attribute-meta\"><div><strong>Dur\u00e9e :<\/strong> 2 ans<\/div><div><strong>Niveau :<\/strong> d\u00e9butant<\/div><\/div>                \n                <div class=\"meca-attribute-events\">\n                    0 \u00e9v\u00e9nements \u00e0 venir                <\/div>\n            <\/div>\n            <div class=\"meca-attribute-image-container\">\n                <div class=\"meca-attribute-image\" style=\"background-image: url('https:\/\/lotus.fpmt.org\/wp-content\/uploads\/2025\/04\/DB-Buddha-Awakening-the-Mind_300.jpg.webp')\"><\/div>\n            <\/div>\n        <\/div>\n                <div class=\"meca-attribute-item\">\n            <div class=\"meca-attribute-content\">\n                <a href=\"https:\/\/lotus.fpmt.org\/fr\/study-program\/exploring-buddhism\/\" class=\"meca-attribute-name\">\n                    Explorer le bouddhisme                <\/a>\n                \n                                    <div class=\"meca-attribute-description\">\n                        Aper\u00e7u : Le cours \u00ab Exploring Buddhism \u00bb (Explorer le bouddhisme) propose une exploration approfondie de la philosophie et des pratiques bouddhistes. Ce programme fondamental aide les \u00e9tudiants \u00e0 d\u00e9velopper une compr\u00e9hension plus compl\u00e8te des concepts cl\u00e9s du bouddhisme et de leurs relations...                    <\/div>\n                                \n                <div class=\"meca-attribute-meta\"><div><strong>Dur\u00e9e :<\/strong> 2 ans<\/div><div><strong>Niveau :<\/strong> interm\u00e9diaire<\/div><\/div>                \n                <div class=\"meca-attribute-events\">\n                    0 \u00e9v\u00e9nements \u00e0 venir                <\/div>\n            <\/div>\n            <div class=\"meca-attribute-image-container\">\n                <div class=\"meca-attribute-image\" style=\"background-image: url('https:\/\/lotus.fpmt.org\/wp-content\/uploads\/2025\/04\/Exploring-Buddhism-LOTUS.webp')\"><\/div>\n            <\/div>\n        <\/div>\n        <\/div><div class=\"meca-attributes-grid\">        <div class=\"meca-attribute-card\">\n            <div class=\"meca-attribute-card-image-container\">\n                <div class=\"meca-attribute-card-image\" style=\"background-image: url('https:\/\/lotus.fpmt.org\/wp-content\/uploads\/2025\/04\/basic-program-LOTUS.webp')\"><\/div>\n            <\/div>\n            <div class=\"meca-attribute-card-content\">\n                <a href=\"https:\/\/lotus.fpmt.org\/fr\/study-program\/basic-program\/\" class=\"meca-attribute-card-name\">\n                    Programme de base                <\/a>\n                \n                                    <div class=\"meca-attribute-card-description\">\n                        Aper\u00e7u : Le programme de base est un enseignement complet et orient\u00e9 vers la pratique du Bouddhadharma, con\u00e7u par Lama...                    <\/div>\n                                \n                <div class=\"meca-attribute-card-meta\">\n                    <div class=\"meca-attribute-meta\"><div><strong>Dur\u00e9e :<\/strong> 5 ans<\/div><\/div>                <\/div>\n                \n                <div class=\"meca-attribute-card-events\">\n                    0 \u00e9v\u00e9nements \u00e0 venir                <\/div>\n            <\/div>\n        <\/div>\n                <div class=\"meca-attribute-card\">\n            <div class=\"meca-attribute-card-image-container\">\n                <div class=\"meca-attribute-card-image\" style=\"background-image: url('https:\/\/lotus.fpmt.org\/wp-content\/uploads\/2025\/04\/DB-Buddha-Awakening-the-Mind_300.jpg.webp')\"><\/div>\n            <\/div>\n            <div class=\"meca-attribute-card-content\">\n                <a href=\"https:\/\/lotus.fpmt.org\/fr\/study-program\/discovering-buddhism\/\" class=\"meca-attribute-card-name\">\n                    D\u00e9couvrir le bouddhisme                <\/a>\n                \n                                    <div class=\"meca-attribute-card-description\">\n                        Aper\u00e7u : Discovering Buddhism propose une introduction exp\u00e9rientielle \u00e0 la tradition bouddhiste tib\u00e9taine Mahayana, en mettant l'accent sur...                    <\/div>\n                                \n                <div class=\"meca-attribute-card-meta\">\n                    <div class=\"meca-attribute-meta\"><div><strong>Dur\u00e9e :<\/strong> 2 ans<\/div><\/div>                <\/div>\n                \n                <div class=\"meca-attribute-card-events\">\n                    0 \u00e9v\u00e9nements \u00e0 venir                <\/div>\n            <\/div>\n        <\/div>\n                <div class=\"meca-attribute-card\">\n            <div class=\"meca-attribute-card-image-container\">\n                <div class=\"meca-attribute-card-image\" style=\"background-image: url('https:\/\/lotus.fpmt.org\/wp-content\/uploads\/2025\/04\/Exploring-Buddhism-LOTUS.webp')\"><\/div>\n            <\/div>\n            <div class=\"meca-attribute-card-content\">\n                <a href=\"https:\/\/lotus.fpmt.org\/fr\/study-program\/exploring-buddhism\/\" class=\"meca-attribute-card-name\">\n                    Explorer le bouddhisme                <\/a>\n                \n                                    <div class=\"meca-attribute-card-description\">\n                        Aper\u00e7u : Explorer le bouddhisme propose une exploration th\u00e9matique approfondie de la philosophie et des pratiques bouddhistes. Ce cours fondamental...                    <\/div>\n                                \n                <div class=\"meca-attribute-card-meta\">\n                    <div class=\"meca-attribute-meta\"><div><strong>Dur\u00e9e :<\/strong> 2 ans<\/div><\/div>                <\/div>\n                \n                <div class=\"meca-attribute-card-events\">\n                    0 \u00e9v\u00e9nements \u00e0 venir                <\/div>\n            <\/div>\n        <\/div>\n        <\/div><\/div>","protected":false},"excerpt":{"rendered":"","protected":false},"author":2,"featured_media":0,"parent":0,"menu_order":0,"comment_status":"closed","ping_status":"closed","template":"","meta":{"footnotes":""},"class_list":["post-80","page","type-page","status-publish","hentry"],"_links":{"self":[{"href":"https:\/\/lotus.fpmt.org\/fr\/wp-json\/wp\/v2\/pages\/80","targetHints":{"allow":["GET"]}}],"collection":[{"href":"https:\/\/lotus.fpmt.org\/fr\/wp-json\/wp\/v2\/pages"}],"about":[{"href":"https:\/\/lotus.fpmt.org\/fr\/wp-json\/wp\/v2\/types\/page"}],"author":[{"embeddable":true,"href":"https:\/\/lotus.fpmt.org\/fr\/wp-json\/wp\/v2\/users\/2"}],"replies":[{"embeddable":true,"href":"https:\/\/lotus.fpmt.org\/fr\/wp-json\/wp\/v2\/comments?post=80"}],"version-history":[{"count":6,"href":"https:\/\/lotus.fpmt.org\/fr\/wp-json\/wp\/v2\/pages\/80\/revisions"}],"predecessor-version":[{"id":3817,"href":"https:\/\/lotus.fpmt.org\/fr\/wp-json\/wp\/v2\/pages\/80\/revisions\/3817"}],"wp:attachment":[{"href":"https:\/\/lotus.fpmt.org\/fr\/wp-json\/wp\/v2\/media?parent=80"}],"curies":[{"name":"wp","href":"https:\/\/api.w.org\/{rel}","templated":true}]}}