{"id":72,"date":"2025-03-21T11:48:44","date_gmt":"2025-03-21T11:48:44","guid":{"rendered":"https:\/\/lotus.fpmt.org\/?page_id=72"},"modified":"2025-11-04T05:39:49","modified_gmt":"2025-11-04T05:39:49","slug":"teachers","status":"publish","type":"page","link":"https:\/\/lotus.fpmt.org\/fr\/teachers\/","title":{"rendered":"Enseignants"},"content":{"rendered":"<div class=\"meca-attributes-container\"><div class=\"meca-attributes-header\"><div class=\"meca-attributes-view-options\"><span class=\"meca-attributes-view-option active\" data-view=\"list\">Liste<\/span><span class=\"meca-attributes-view-option\" data-view=\"grid\">Grille<\/span><\/div><\/div>            <form method=\"get\" class=\"meca-attributes-search-container\" action=\"\">\n                <input type=\"text\" name=\"meca_teacher_search\" class=\"meca-attributes-search\" \n                    placeholder=\"Search teachers...\" \n                    value=\"\">\n                <button type=\"submit\" class=\"meca-attributes-search-button\">\n                    Find Teachers                <\/button>\n            <input type=\"hidden\" name=\"trp-form-language\" value=\"fr\"\/><\/form>\n            <div class=\"meca-attributes-list active\">        <div class=\"meca-attribute-item\">\n            <div class=\"meca-attribute-content\">\n                <a href=\"https:\/\/lotus.fpmt.org\/fr\/teacher\/geshe-lakhdor\/\" class=\"meca-attribute-name\">\n                    Geshe Lakhdor                <\/a>\n                \n                                    <div class=\"meca-attribute-description\">\n                        Le v\u00e9n\u00e9rable Geshe Lhakdor est n\u00e9 \u00e0 Yakra, dans l'ouest du Tibet, en 1956, et a quitt\u00e9 le Tibet en 1962 \u00e0 la suite de l'invasion communiste chinoise du Tibet en 1959. Geshe a re\u00e7u son ordination de moine novice...                    <\/div>\n                                \n                <div class=\"meca-attribute-meta\"><div><strong>Site web :<\/strong> <a href=\"https:\/\/tibetanlibrary.org\/\" target=\"_blank\">tibetanlibrary.org\/<\/a><\/div><\/div>                \n                <div class=\"meca-attribute-events\">\n                    0 \u00e9v\u00e9nements \u00e0 venir                <\/div>\n            <\/div>\n            <div class=\"meca-attribute-image-container\">\n                <div class=\"meca-attribute-image\" style=\"background-image: url('https:\/\/lotus.fpmt.org\/wp-content\/uploads\/2025\/04\/Ven_-Geshe-Lhakdor-LOTUS.jpg')\"><\/div>\n            <\/div>\n        <\/div>\n                <div class=\"meca-attribute-item\">\n            <div class=\"meca-attribute-content\">\n                <a href=\"https:\/\/lotus.fpmt.org\/fr\/teacher\/geshe-loden\/\" class=\"meca-attribute-name\">\n                    Geshe Loden                <\/a>\n                \n                                    <div class=\"meca-attribute-description\">\n                        Le professeur r\u00e9sident de l'Institut Vajra Yogini est n\u00e9 \u00e0 Bylakuppe, dans le sud de l'Inde, en 1961. Il est entr\u00e9 au monast\u00e8re de Sera Dje \u00e0 l'\u00e2ge de 9 ans et a poursuivi ses \u00e9tudes...                    <\/div>\n                                \n                <div class=\"meca-attribute-meta\"><div><strong>Site web :<\/strong> <a href=\"https:\/\/institutvajrayogini.fr\" target=\"_blank\">institutvajrayogini.fr<\/a><\/div><\/div>                \n                <div class=\"meca-attribute-events\">\n                    0 \u00e9v\u00e9nements \u00e0 venir                <\/div>\n            <\/div>\n            <div class=\"meca-attribute-image-container\">\n                <div class=\"meca-attribute-image\" style=\"background-image: url('https:\/\/lotus.fpmt.org\/wp-content\/uploads\/2025\/04\/5894_image_Banner_gueshela-Rwd4qL.tmp_-768x340.jpg')\"><\/div>\n            <\/div>\n        <\/div>\n                <div class=\"meca-attribute-item\">\n            <div class=\"meca-attribute-content\">\n                <a href=\"https:\/\/lotus.fpmt.org\/fr\/teacher\/geshe-tenzin-namdak\/\" class=\"meca-attribute-name\">\n                    Gu\u00e9sh\u00e9 Tenzin Namdak                <\/a>\n                \n                                    <div class=\"meca-attribute-description\">\n                        Biographie Apr\u00e8s avoir termin\u00e9 ses \u00e9tudes universitaires en hydrologie, Geshe Namdak a travaill\u00e9 comme chercheur en environnement aux Pays-Bas. Il a commenc\u00e9 \u00e0 \u00e9tudier le bouddhisme \u00e0 l'Institut Maitreya et a finalement \u00e9t\u00e9 ordonn\u00e9 par...                    <\/div>\n                                \n                <div class=\"meca-attribute-meta\"><\/div>                \n                <div class=\"meca-attribute-events\">\n                    0 \u00e9v\u00e9nements \u00e0 venir                <\/div>\n            <\/div>\n            <div class=\"meca-attribute-image-container\">\n                <div class=\"meca-attribute-image\" style=\"background-image: url('https:\/\/lotus.fpmt.org\/wp-content\/uploads\/2025\/03\/Geshe-Tenzin-Namdak-Jamyang-768x960.jpeg')\"><\/div>\n            <\/div>\n        <\/div>\n                <div class=\"meca-attribute-item\">\n            <div class=\"meca-attribute-content\">\n                <a href=\"https:\/\/lotus.fpmt.org\/fr\/teacher\/venerable-amy-miller\/\" class=\"meca-attribute-name\">\n                    V\u00e9n\u00e9rable Amy Miller                <\/a>\n                \n                                    <div class=\"meca-attribute-description\">\n                        La v\u00e9n\u00e9rable Amy J. Miller (Ven. Lobsang Chodren) a d\u00e9couvert le bouddhisme tib\u00e9tain en 1987 lors d'un cours au monast\u00e8re de Kopan au N\u00e9pal. Depuis lors, elle a consacr\u00e9 sa vie au bouddhisme...                    <\/div>\n                                \n                <div class=\"meca-attribute-meta\"><div><strong>Site web :<\/strong> <a href=\"https:\/\/amymiller.com\/\" target=\"_blank\">amymiller.com\/<\/a><\/div><\/div>                \n                <div class=\"meca-attribute-events\">\n                    0 \u00e9v\u00e9nements \u00e0 venir                <\/div>\n            <\/div>\n            <div class=\"meca-attribute-image-container\">\n                <div class=\"meca-attribute-image\" style=\"background-image: url('https:\/\/lotus.fpmt.org\/wp-content\/uploads\/2025\/04\/VAM-JV6xqL.tmp_.jpg')\"><\/div>\n            <\/div>\n        <\/div>\n                <div class=\"meca-attribute-item\">\n            <div class=\"meca-attribute-content\">\n                <a href=\"https:\/\/lotus.fpmt.org\/fr\/teacher\/venerable-khadro\/\" class=\"meca-attribute-name\">\n                    V\u00e9n\u00e9rable Khadro                <\/a>\n                \n                                    <div class=\"meca-attribute-description\">\n                        La v\u00e9n\u00e9rable Khadro apporte ses nombreuses ann\u00e9es d'exp\u00e9rience dans l'enseignement de la philosophie bouddhiste et de la m\u00e9ditation dans la tradition de Sa Saintet\u00e9 le Dala\u00ef-Lama. Son approche claire et pratique rend accessibles les concepts bouddhistes profonds...                    <\/div>\n                                \n                <div class=\"meca-attribute-meta\"><\/div>                \n                <div class=\"meca-attribute-events\">\n                    0 \u00e9v\u00e9nements \u00e0 venir                <\/div>\n            <\/div>\n            <div class=\"meca-attribute-image-container\">\n                <div class=\"meca-attribute-image\" style=\"background-image: url('https:\/\/lotus.fpmt.org\/wp-content\/uploads\/2025\/03\/Venerable-Khadro-Yeshin-Norbu-768x491.jpeg')\"><\/div>\n            <\/div>\n        <\/div>\n                <div class=\"meca-attribute-item\">\n            <div class=\"meca-attribute-content\">\n                <a href=\"https:\/\/lotus.fpmt.org\/fr\/teacher\/venerable-losang-dondrup\/\" class=\"meca-attribute-name\">\n                    V\u00e9n\u00e9rable Losang Dondrup                <\/a>\n                \n                                    <div class=\"meca-attribute-description\">\n                        Le v\u00e9n\u00e9rable Dondrub a commenc\u00e9 \u00e0 \u00e9tudier le Dharma \u00e0 l'Institut Drepung Loseling d'Atlanta en 2008. Il a pris les v\u0153ux de refuge aupr\u00e8s de Gyumed Khensur Rinpoch\u00e9 Lobsang Jampa en 2011 et a \u00e9t\u00e9 ordonn\u00e9 moine novice...                    <\/div>\n                                \n                <div class=\"meca-attribute-meta\"><div><strong>Courriel :<\/strong> <a href=\"mailto:info@tnlsf.org\">info@tnlsf.org<\/a><\/div><div><strong>Site web :<\/strong> <a href=\"https:\/\/tnlsf.org\" target=\"_blank\">tnlsf.org<\/a><\/div><\/div>                \n                <div class=\"meca-attribute-events\">\n                    0 \u00e9v\u00e9nements \u00e0 venir                <\/div>\n            <\/div>\n            <div class=\"meca-attribute-image-container\">\n                <div class=\"meca-attribute-image\" style=\"background-image: url('https:\/\/lotus.fpmt.org\/wp-content\/uploads\/2025\/04\/ven-losang-dondrup_600x600-e1624523869324-GI78sW.tmp_.jpg')\"><\/div>\n            <\/div>\n        <\/div>\n                <div class=\"meca-attribute-item\">\n            <div class=\"meca-attribute-content\">\n                <a href=\"https:\/\/lotus.fpmt.org\/fr\/teacher\/venerable-robina-courtin\/\" class=\"meca-attribute-name\">\n                    V\u00e9n\u00e9rable Robina Courtin                <\/a>\n                \n                                    <div class=\"meca-attribute-description\">\n                        Ordonn\u00e9 depuis la fin des ann\u00e9es 1970, le v\u00e9n\u00e9rable Robina travaille depuis lors \u00e0 plein temps pour Lama Thubten Yeshe et Lama Zopa Rinpoch\u00e9, membres de la FPMT. Au fil des ans, elle a occup\u00e9 les fonctions de r\u00e9dactrice...                    <\/div>\n                                \n                <div class=\"meca-attribute-meta\"><div><strong>Site web :<\/strong> <a href=\"https:\/\/robinacourtin.com\" target=\"_blank\">robinacourtin.com<\/a><\/div><\/div>                \n                <div class=\"meca-attribute-events\">\n                    0 \u00e9v\u00e9nements \u00e0 venir                <\/div>\n            <\/div>\n            <div class=\"meca-attribute-image-container\">\n                <div class=\"meca-attribute-image\" style=\"background-image: url('https:\/\/lotus.fpmt.org\/wp-content\/uploads\/2025\/04\/ven-robina-courtin2_600x600-e1624523849219-XbKjVh.tmp_.jpg')\"><\/div>\n            <\/div>\n        <\/div>\n                <div class=\"meca-attribute-item\">\n            <div class=\"meca-attribute-content\">\n                <a href=\"https:\/\/lotus.fpmt.org\/fr\/teacher\/venerable-thubten-wangdu\/\" class=\"meca-attribute-name\">\n                    V\u00e9n\u00e9rable Thubten Wangdu                <\/a>\n                \n                                    <div class=\"meca-attribute-description\">\n                        Le v\u00e9n\u00e9rable Thubten Wangdu est un moine autrichien qui se consacre \u00e0 l'\u00e9tude et \u00e0 la pratique du bouddhisme tib\u00e9tain depuis 2012. Il occupe actuellement le poste d'enseignant r\u00e9sident \u00e0 Tushita...                    <\/div>\n                                \n                <div class=\"meca-attribute-meta\"><div><strong>Site web :<\/strong> <a href=\"https:\/\/tushita.info\" target=\"_blank\">tushita.info<\/a><\/div><\/div>                \n                <div class=\"meca-attribute-events\">\n                    0 \u00e9v\u00e9nements \u00e0 venir                <\/div>\n            <\/div>\n            <div class=\"meca-attribute-image-container\">\n                <div class=\"meca-attribute-image\" style=\"background-image: url('https:\/\/lotus.fpmt.org\/wp-content\/uploads\/2025\/04\/Teacher-Image-Wangdu-LOTUS.jpg')\"><\/div>\n            <\/div>\n        <\/div>\n        <\/div><div class=\"meca-attributes-grid\">        <div class=\"meca-attribute-card\">\n            <div class=\"meca-attribute-card-image-container\">\n                <div class=\"meca-attribute-card-image\" style=\"background-image: url('https:\/\/lotus.fpmt.org\/wp-content\/uploads\/2025\/04\/Ven_-Geshe-Lhakdor-LOTUS.jpg')\"><\/div>\n            <\/div>\n            <div class=\"meca-attribute-card-content\">\n                <a href=\"https:\/\/lotus.fpmt.org\/fr\/teacher\/geshe-lakhdor\/\" class=\"meca-attribute-card-name\">\n                    Geshe Lakhdor                <\/a>\n                \n                                    <div class=\"meca-attribute-card-description\">\n                        Le v\u00e9n\u00e9rable Geshe Lhakdor est n\u00e9 \u00e0 Yakra, dans l'ouest du Tibet, en 1956, et a quitt\u00e9 le Tibet en 1962...                    <\/div>\n                                \n                <div class=\"meca-attribute-card-meta\">\n                    <div class=\"meca-attribute-meta\"><div><strong>Site web :<\/strong> <a href=\"https:\/\/tibetanlibrary.org\/\" target=\"_blank\">https:\/\/tibetanlibrary.org\/<\/a><\/div><\/div>                <\/div>\n                \n                <div class=\"meca-attribute-card-events\">\n                    0 \u00e9v\u00e9nements \u00e0 venir                <\/div>\n            <\/div>\n        <\/div>\n                <div class=\"meca-attribute-card\">\n            <div class=\"meca-attribute-card-image-container\">\n                <div class=\"meca-attribute-card-image\" style=\"background-image: url('https:\/\/lotus.fpmt.org\/wp-content\/uploads\/2025\/04\/5894_image_Banner_gueshela-Rwd4qL.tmp_-768x340.jpg')\"><\/div>\n            <\/div>\n            <div class=\"meca-attribute-card-content\">\n                <a href=\"https:\/\/lotus.fpmt.org\/fr\/teacher\/geshe-loden\/\" class=\"meca-attribute-card-name\">\n                    Geshe Loden                <\/a>\n                \n                                    <div class=\"meca-attribute-card-description\">\n                        Le professeur r\u00e9sident de l'Institut Vajra Yogini est n\u00e9 \u00e0 Bylakuppe, dans le sud de l'Inde, en 1961. Il...                    <\/div>\n                                \n                <div class=\"meca-attribute-card-meta\">\n                    <div class=\"meca-attribute-meta\"><div><strong>Site web :<\/strong> <a href=\"https:\/\/institutvajrayogini.fr\" target=\"_blank\">https:\/\/institutvajrayogini.fr<\/a><\/div><\/div>                <\/div>\n                \n                <div class=\"meca-attribute-card-events\">\n                    0 \u00e9v\u00e9nements \u00e0 venir                <\/div>\n            <\/div>\n        <\/div>\n                <div class=\"meca-attribute-card\">\n            <div class=\"meca-attribute-card-image-container\">\n                <div class=\"meca-attribute-card-image\" style=\"background-image: url('https:\/\/lotus.fpmt.org\/wp-content\/uploads\/2025\/03\/Geshe-Tenzin-Namdak-Jamyang-768x960.jpeg')\"><\/div>\n            <\/div>\n            <div class=\"meca-attribute-card-content\">\n                <a href=\"https:\/\/lotus.fpmt.org\/fr\/teacher\/geshe-tenzin-namdak\/\" class=\"meca-attribute-card-name\">\n                    Gu\u00e9sh\u00e9 Tenzin Namdak                <\/a>\n                \n                                    <div class=\"meca-attribute-card-description\">\n                        Biographie Apr\u00e8s avoir termin\u00e9 ses \u00e9tudes universitaires en hydrologie, Geshe Namdak a travaill\u00e9 comme chercheur en environnement...                    <\/div>\n                                \n                <div class=\"meca-attribute-card-meta\">\n                    <div class=\"meca-attribute-meta\"><\/div>                <\/div>\n                \n                <div class=\"meca-attribute-card-events\">\n                    0 \u00e9v\u00e9nements \u00e0 venir                <\/div>\n            <\/div>\n        <\/div>\n                <div class=\"meca-attribute-card\">\n            <div class=\"meca-attribute-card-image-container\">\n                <div class=\"meca-attribute-card-image\" style=\"background-image: url('https:\/\/lotus.fpmt.org\/wp-content\/uploads\/2025\/04\/VAM-JV6xqL.tmp_.jpg')\"><\/div>\n            <\/div>\n            <div class=\"meca-attribute-card-content\">\n                <a href=\"https:\/\/lotus.fpmt.org\/fr\/teacher\/venerable-amy-miller\/\" class=\"meca-attribute-card-name\">\n                    V\u00e9n\u00e9rable Amy Miller                <\/a>\n                \n                                    <div class=\"meca-attribute-card-description\">\n                        La v\u00e9n\u00e9rable Amy J. Miller (Ven. Lobsang Chodren) a d\u00e9couvert le bouddhisme tib\u00e9tain en 1987 lors d'un...                    <\/div>\n                                \n                <div class=\"meca-attribute-card-meta\">\n                    <div class=\"meca-attribute-meta\"><div><strong>Site web :<\/strong> <a href=\"https:\/\/amymiller.com\/\" target=\"_blank\">https:\/\/amymiller.com\/<\/a><\/div><\/div>                <\/div>\n                \n                <div class=\"meca-attribute-card-events\">\n                    0 \u00e9v\u00e9nements \u00e0 venir                <\/div>\n            <\/div>\n        <\/div>\n                <div class=\"meca-attribute-card\">\n            <div class=\"meca-attribute-card-image-container\">\n                <div class=\"meca-attribute-card-image\" style=\"background-image: url('https:\/\/lotus.fpmt.org\/wp-content\/uploads\/2025\/03\/Venerable-Khadro-Yeshin-Norbu-768x491.jpeg')\"><\/div>\n            <\/div>\n            <div class=\"meca-attribute-card-content\">\n                <a href=\"https:\/\/lotus.fpmt.org\/fr\/teacher\/venerable-khadro\/\" class=\"meca-attribute-card-name\">\n                    V\u00e9n\u00e9rable Khadro                <\/a>\n                \n                                    <div class=\"meca-attribute-card-description\">\n                        La v\u00e9n\u00e9rable Khadro apporte ses nombreuses ann\u00e9es d'exp\u00e9rience dans l'enseignement de la philosophie bouddhiste et de la m\u00e9ditation dans la tradition de...                    <\/div>\n                                \n                <div class=\"meca-attribute-card-meta\">\n                    <div class=\"meca-attribute-meta\"><\/div>                <\/div>\n                \n                <div class=\"meca-attribute-card-events\">\n                    0 \u00e9v\u00e9nements \u00e0 venir                <\/div>\n            <\/div>\n        <\/div>\n                <div class=\"meca-attribute-card\">\n            <div class=\"meca-attribute-card-image-container\">\n                <div class=\"meca-attribute-card-image\" style=\"background-image: url('https:\/\/lotus.fpmt.org\/wp-content\/uploads\/2025\/04\/ven-losang-dondrup_600x600-e1624523869324-GI78sW.tmp_.jpg')\"><\/div>\n            <\/div>\n            <div class=\"meca-attribute-card-content\">\n                <a href=\"https:\/\/lotus.fpmt.org\/fr\/teacher\/venerable-losang-dondrup\/\" class=\"meca-attribute-card-name\">\n                    V\u00e9n\u00e9rable Losang Dondrup                <\/a>\n                \n                                    <div class=\"meca-attribute-card-description\">\n                        Le v\u00e9n\u00e9rable Dondrub a commenc\u00e9 \u00e0 \u00e9tudier le Dharma \u00e0 l'Institut Drepung Loseling d'Atlanta en 2008. Il...                    <\/div>\n                                \n                <div class=\"meca-attribute-card-meta\">\n                    <div class=\"meca-attribute-meta\"><div><strong>Courriel :<\/strong> <a href=\"mailto:info@tnlsf.org\">info@tnlsf.org<\/a><\/div><\/div>                <\/div>\n                \n                <div class=\"meca-attribute-card-events\">\n                    0 \u00e9v\u00e9nements \u00e0 venir                <\/div>\n            <\/div>\n        <\/div>\n                <div class=\"meca-attribute-card\">\n            <div class=\"meca-attribute-card-image-container\">\n                <div class=\"meca-attribute-card-image\" style=\"background-image: url('https:\/\/lotus.fpmt.org\/wp-content\/uploads\/2025\/04\/ven-robina-courtin2_600x600-e1624523849219-XbKjVh.tmp_.jpg')\"><\/div>\n            <\/div>\n            <div class=\"meca-attribute-card-content\">\n                <a href=\"https:\/\/lotus.fpmt.org\/fr\/teacher\/venerable-robina-courtin\/\" class=\"meca-attribute-card-name\">\n                    V\u00e9n\u00e9rable Robina Courtin                <\/a>\n                \n                                    <div class=\"meca-attribute-card-description\">\n                        Ordonn\u00e9 depuis la fin des ann\u00e9es 1970, le v\u00e9n\u00e9rable Robina travaille depuis lors \u00e0 plein temps pour Lama...                    <\/div>\n                                \n                <div class=\"meca-attribute-card-meta\">\n                    <div class=\"meca-attribute-meta\"><div><strong>Site web :<\/strong> <a href=\"https:\/\/robinacourtin.com\" target=\"_blank\">https:\/\/robinacourtin.com<\/a><\/div><\/div>                <\/div>\n                \n                <div class=\"meca-attribute-card-events\">\n                    0 \u00e9v\u00e9nements \u00e0 venir                <\/div>\n            <\/div>\n        <\/div>\n                <div class=\"meca-attribute-card\">\n            <div class=\"meca-attribute-card-image-container\">\n                <div class=\"meca-attribute-card-image\" style=\"background-image: url('https:\/\/lotus.fpmt.org\/wp-content\/uploads\/2025\/04\/Teacher-Image-Wangdu-LOTUS.jpg')\"><\/div>\n            <\/div>\n            <div class=\"meca-attribute-card-content\">\n                <a href=\"https:\/\/lotus.fpmt.org\/fr\/teacher\/venerable-thubten-wangdu\/\" class=\"meca-attribute-card-name\">\n                    V\u00e9n\u00e9rable Thubten Wangdu                <\/a>\n                \n                                    <div class=\"meca-attribute-card-description\">\n                        Le v\u00e9n\u00e9rable Thubten Wangdu est un moine autrichien qui s'est consacr\u00e9 \u00e0 l'\u00e9tude et...                    <\/div>\n                                \n                <div class=\"meca-attribute-card-meta\">\n                    <div class=\"meca-attribute-meta\"><div><strong>Site web :<\/strong> <a href=\"https:\/\/tushita.info\" target=\"_blank\">https:\/\/tushita.info<\/a><\/div><\/div>                <\/div>\n                \n                <div class=\"meca-attribute-card-events\">\n                    0 \u00e9v\u00e9nements \u00e0 venir                <\/div>\n            <\/div>\n        <\/div>\n        <\/div><\/div>","protected":false},"excerpt":{"rendered":"","protected":false},"author":2,"featured_media":0,"parent":0,"menu_order":0,"comment_status":"closed","ping_status":"closed","template":"","meta":{"footnotes":""},"class_list":["post-72","page","type-page","status-publish","hentry"],"_links":{"self":[{"href":"https:\/\/lotus.fpmt.org\/fr\/wp-json\/wp\/v2\/pages\/72","targetHints":{"allow":["GET"]}}],"collection":[{"href":"https:\/\/lotus.fpmt.org\/fr\/wp-json\/wp\/v2\/pages"}],"about":[{"href":"https:\/\/lotus.fpmt.org\/fr\/wp-json\/wp\/v2\/types\/page"}],"author":[{"embeddable":true,"href":"https:\/\/lotus.fpmt.org\/fr\/wp-json\/wp\/v2\/users\/2"}],"replies":[{"embeddable":true,"href":"https:\/\/lotus.fpmt.org\/fr\/wp-json\/wp\/v2\/comments?post=72"}],"version-history":[{"count":3,"href":"https:\/\/lotus.fpmt.org\/fr\/wp-json\/wp\/v2\/pages\/72\/revisions"}],"predecessor-version":[{"id":3815,"href":"https:\/\/lotus.fpmt.org\/fr\/wp-json\/wp\/v2\/pages\/72\/revisions\/3815"}],"wp:attachment":[{"href":"https:\/\/lotus.fpmt.org\/fr\/wp-json\/wp\/v2\/media?parent=72"}],"curies":[{"name":"wp","href":"https:\/\/api.w.org\/{rel}","templated":true}]}}